{"id":38,"date":"2020-08-19T22:43:19","date_gmt":"2020-08-19T20:43:19","guid":{"rendered":"http:\/\/juliebernadac.com\/?page_id=38"},"modified":"2023-03-15T12:34:18","modified_gmt":"2023-03-15T11:34:18","slug":"accueil","status":"publish","type":"page","link":"https:\/\/juliebernadac.com\/","title":{"rendered":"Accueil"},"content":{"rendered":"\n<div class=\"wp-block-cover alignfull is-light is-style-hover-reveal\" style=\"min-height:600px\"><span aria-hidden=\"true\" class=\"wp-block-cover__background has-background-dim-0 has-background-dim\"><\/span><img decoding=\"async\" loading=\"lazy\" width=\"2560\" height=\"1140\" class=\"wp-block-cover__image-background wp-image-284\" alt=\"\" src=\"https:\/\/juliebernadac.com\/wp-content\/uploads\/2021\/04\/Photo26_26-scaled.jpg\" data-object-fit=\"cover\" srcset=\"https:\/\/juliebernadac.com\/wp-content\/uploads\/2021\/04\/Photo26_26-scaled.jpg 2560w, https:\/\/juliebernadac.com\/wp-content\/uploads\/2021\/04\/Photo26_26-300x134.jpg 300w, https:\/\/juliebernadac.com\/wp-content\/uploads\/2021\/04\/Photo26_26-1024x456.jpg 1024w, https:\/\/juliebernadac.com\/wp-content\/uploads\/2021\/04\/Photo26_26-768x342.jpg 768w, https:\/\/juliebernadac.com\/wp-content\/uploads\/2021\/04\/Photo26_26-1536x684.jpg 1536w, https:\/\/juliebernadac.com\/wp-content\/uploads\/2021\/04\/Photo26_26-2048x912.jpg 2048w, https:\/\/juliebernadac.com\/wp-content\/uploads\/2021\/04\/Photo26_26-1568x698.jpg 1568w\" sizes=\"(max-width: 2560px) 100vw, 2560px\" \/><div class=\"wp-block-cover__inner-container\">\n<p class=\"has-text-align-center has-large-font-size\"><a href=\"https:\/\/juliebernadac.com\/index.php\/on-inimesi-kes-surevad-merd-nagemata\/\">On inimesi, kes surevad merd n\u00e4gemata.<\/a><br>2021<\/p>\n<\/div><\/div>\n\n\n\n<div class=\"is-layout-flex wp-container-4 wp-block-columns alignfull\">\n<div class=\"is-layout-flow wp-block-column\">\n<div class=\"wp-block-cover is-light is-position-center-center is-style-hover-reveal text-grille\"><span aria-hidden=\"true\" class=\"wp-block-cover__background has-background-background-color has-background-dim-0 has-background-dim\"><\/span><img decoding=\"async\" loading=\"lazy\" width=\"2561\" height=\"2546\" class=\"wp-block-cover__image-background wp-image-293\" alt=\"\" src=\"https:\/\/juliebernadac.com\/wp-content\/uploads\/2021\/04\/portfolio.jpg\" data-object-fit=\"cover\" srcset=\"https:\/\/juliebernadac.com\/wp-content\/uploads\/2021\/04\/portfolio.jpg 2561w, https:\/\/juliebernadac.com\/wp-content\/uploads\/2021\/04\/portfolio-300x298.jpg 300w, https:\/\/juliebernadac.com\/wp-content\/uploads\/2021\/04\/portfolio-1024x1018.jpg 1024w, https:\/\/juliebernadac.com\/wp-content\/uploads\/2021\/04\/portfolio-150x150.jpg 150w, https:\/\/juliebernadac.com\/wp-content\/uploads\/2021\/04\/portfolio-768x764.jpg 768w, https:\/\/juliebernadac.com\/wp-content\/uploads\/2021\/04\/portfolio-1536x1527.jpg 1536w, https:\/\/juliebernadac.com\/wp-content\/uploads\/2021\/04\/portfolio-2048x2036.jpg 2048w, https:\/\/juliebernadac.com\/wp-content\/uploads\/2021\/04\/portfolio-1568x1559.jpg 1568w\" sizes=\"(max-width: 2561px) 100vw, 2561px\" \/><div class=\"wp-block-cover__inner-container\">\n<p class=\"has-text-align-center has-large-font-size\"><\/p>\n<\/div><\/div>\n<\/div>\n\n\n\n<div class=\"is-layout-flow wp-block-column\">\n<div class=\"wp-block-cover is-light is-style-hover-reveal text-grille\"><span aria-hidden=\"true\" class=\"wp-block-cover__background has-background-background-color has-background-dim-0 has-background-dim\"><\/span><img decoding=\"async\" loading=\"lazy\" width=\"2560\" height=\"2500\" class=\"wp-block-cover__image-background wp-image-269\" alt=\"\" src=\"https:\/\/juliebernadac.com\/wp-content\/uploads\/2021\/04\/retouche0-4-scaled.jpg\" data-object-fit=\"cover\" srcset=\"https:\/\/juliebernadac.com\/wp-content\/uploads\/2021\/04\/retouche0-4-scaled.jpg 2560w, https:\/\/juliebernadac.com\/wp-content\/uploads\/2021\/04\/retouche0-4-300x293.jpg 300w, https:\/\/juliebernadac.com\/wp-content\/uploads\/2021\/04\/retouche0-4-1024x1000.jpg 1024w, https:\/\/juliebernadac.com\/wp-content\/uploads\/2021\/04\/retouche0-4-768x750.jpg 768w, https:\/\/juliebernadac.com\/wp-content\/uploads\/2021\/04\/retouche0-4-1536x1500.jpg 1536w, https:\/\/juliebernadac.com\/wp-content\/uploads\/2021\/04\/retouche0-4-2048x2000.jpg 2048w, https:\/\/juliebernadac.com\/wp-content\/uploads\/2021\/04\/retouche0-4-1568x1531.jpg 1568w\" sizes=\"(max-width: 2560px) 100vw, 2560px\" \/><div class=\"wp-block-cover__inner-container\">\n<p class=\"has-text-align-center has-large-font-size\"><\/p>\n<\/div><\/div>\n<\/div>\n\n\n\n<div class=\"is-layout-flow wp-block-column\">\n<div class=\"wp-block-cover is-style-hover-reveal text-grille\"><span aria-hidden=\"true\" class=\"wp-block-cover__background has-background-background-color has-background-dim-0 has-background-dim\"><\/span><img decoding=\"async\" loading=\"lazy\" width=\"1080\" height=\"1080\" class=\"wp-block-cover__image-background wp-image-294\" alt=\"\" src=\"https:\/\/juliebernadac.com\/wp-content\/uploads\/2021\/04\/Photo05_2A.jpg\" data-object-fit=\"cover\" srcset=\"https:\/\/juliebernadac.com\/wp-content\/uploads\/2021\/04\/Photo05_2A.jpg 1080w, https:\/\/juliebernadac.com\/wp-content\/uploads\/2021\/04\/Photo05_2A-300x300.jpg 300w, https:\/\/juliebernadac.com\/wp-content\/uploads\/2021\/04\/Photo05_2A-1024x1024.jpg 1024w, https:\/\/juliebernadac.com\/wp-content\/uploads\/2021\/04\/Photo05_2A-150x150.jpg 150w, https:\/\/juliebernadac.com\/wp-content\/uploads\/2021\/04\/Photo05_2A-768x768.jpg 768w\" sizes=\"(max-width: 1080px) 100vw, 1080px\" \/><div class=\"wp-block-cover__inner-container\">\n<p class=\"has-text-align-center has-large-font-size\"><\/p>\n<\/div><\/div>\n\n\n\n<p><\/p>\n<\/div>\n<\/div>\n\n\n\n<div class=\"wp-block-cover alignfull is-light is-style-hover-reveal\" style=\"min-height:600px\"><span aria-hidden=\"true\" class=\"wp-block-cover__background has-background-dim-0 has-background-dim\"><\/span><img decoding=\"async\" loading=\"lazy\" width=\"3335\" height=\"1484\" class=\"wp-block-cover__image-background wp-image-291\" alt=\"\" src=\"https:\/\/juliebernadac.com\/wp-content\/uploads\/2021\/04\/bannierereflexion.png\" data-object-fit=\"cover\" srcset=\"https:\/\/juliebernadac.com\/wp-content\/uploads\/2021\/04\/bannierereflexion.png 3335w, https:\/\/juliebernadac.com\/wp-content\/uploads\/2021\/04\/bannierereflexion-300x133.png 300w, https:\/\/juliebernadac.com\/wp-content\/uploads\/2021\/04\/bannierereflexion-1024x456.png 1024w, https:\/\/juliebernadac.com\/wp-content\/uploads\/2021\/04\/bannierereflexion-768x342.png 768w, https:\/\/juliebernadac.com\/wp-content\/uploads\/2021\/04\/bannierereflexion-1536x683.png 1536w, https:\/\/juliebernadac.com\/wp-content\/uploads\/2021\/04\/bannierereflexion-2048x911.png 2048w, https:\/\/juliebernadac.com\/wp-content\/uploads\/2021\/04\/bannierereflexion-1568x698.png 1568w\" sizes=\"(max-width: 3335px) 100vw, 3335px\" \/><div class=\"wp-block-cover__inner-container\">\n<p class=\"has-text-align-center has-large-font-size\">Apr\u00e8s r\u00e9flexion je crois bien que je br\u00fble.<br>2021<\/p>\n<\/div><\/div>\n\n\n\n<p><\/p>\n\n\n\n<div class=\"wp-block-cover alignfull is-style-hover-reveal\" style=\"min-height:600px\"><span aria-hidden=\"true\" class=\"wp-block-cover__background has-background-dim-0 has-background-dim\"><\/span><img decoding=\"async\" loading=\"lazy\" width=\"2560\" height=\"1139\" class=\"wp-block-cover__image-background wp-image-285\" alt=\"\" src=\"https:\/\/juliebernadac.com\/wp-content\/uploads\/2021\/04\/limogesmontagne002-2-scaled.jpg\" data-object-fit=\"cover\" srcset=\"https:\/\/juliebernadac.com\/wp-content\/uploads\/2021\/04\/limogesmontagne002-2-scaled.jpg 2560w, https:\/\/juliebernadac.com\/wp-content\/uploads\/2021\/04\/limogesmontagne002-2-300x133.jpg 300w, https:\/\/juliebernadac.com\/wp-content\/uploads\/2021\/04\/limogesmontagne002-2-1024x456.jpg 1024w, https:\/\/juliebernadac.com\/wp-content\/uploads\/2021\/04\/limogesmontagne002-2-768x342.jpg 768w, https:\/\/juliebernadac.com\/wp-content\/uploads\/2021\/04\/limogesmontagne002-2-1536x683.jpg 1536w, https:\/\/juliebernadac.com\/wp-content\/uploads\/2021\/04\/limogesmontagne002-2-2048x911.jpg 2048w, https:\/\/juliebernadac.com\/wp-content\/uploads\/2021\/04\/limogesmontagne002-2-1568x698.jpg 1568w\" sizes=\"(max-width: 2560px) 100vw, 2560px\" \/><div class=\"wp-block-cover__inner-container\">\n<p class=\"has-text-align-center has-large-font-size\">No\u00e9<br>2021<\/p>\n<\/div><\/div>\n\n\n\n<div class=\"is-layout-flow wp-block-group alignfull\"><div class=\"wp-block-group__inner-container\">\n<div class=\"is-layout-flex wp-container-8 wp-block-columns alignfull\">\n<div class=\"is-layout-flow wp-block-column\">\n<div class=\"wp-block-cover is-light is-position-center-center is-style-hover-reveal text-grille\"><span aria-hidden=\"true\" class=\"wp-block-cover__background has-background-background-color has-background-dim-0 has-background-dim\"><\/span><img decoding=\"async\" loading=\"lazy\" width=\"1358\" height=\"1358\" class=\"wp-block-cover__image-background wp-image-124\" alt=\"\" src=\"https:\/\/juliebernadac.com\/wp-content\/uploads\/2020\/08\/bilans_ether13.jpg\" data-object-fit=\"cover\" srcset=\"https:\/\/juliebernadac.com\/wp-content\/uploads\/2020\/08\/bilans_ether13.jpg 1358w, https:\/\/juliebernadac.com\/wp-content\/uploads\/2020\/08\/bilans_ether13-300x300.jpg 300w, https:\/\/juliebernadac.com\/wp-content\/uploads\/2020\/08\/bilans_ether13-1024x1024.jpg 1024w, https:\/\/juliebernadac.com\/wp-content\/uploads\/2020\/08\/bilans_ether13-150x150.jpg 150w, https:\/\/juliebernadac.com\/wp-content\/uploads\/2020\/08\/bilans_ether13-768x768.jpg 768w\" sizes=\"(max-width: 1358px) 100vw, 1358px\" \/><div class=\"wp-block-cover__inner-container\">\n<p class=\"has-text-align-center has-large-font-size\"><a href=\"https:\/\/juliebernadac.com\/index.php\/ether-2\/\">\u00e9ther<\/a><br>2020<\/p>\n<\/div><\/div>\n<\/div>\n\n\n\n<div class=\"is-layout-flow wp-block-column\">\n<div class=\"wp-block-cover is-light is-style-hover-reveal text-grille\"><span aria-hidden=\"true\" class=\"wp-block-cover__background has-background-background-color has-background-dim-0 has-background-dim\"><\/span><img decoding=\"async\" loading=\"lazy\" width=\"1358\" height=\"1358\" class=\"wp-block-cover__image-background wp-image-118\" alt=\"\" src=\"https:\/\/juliebernadac.com\/wp-content\/uploads\/2020\/08\/bilans_feu_blanc17.jpg\" data-object-fit=\"cover\" srcset=\"https:\/\/juliebernadac.com\/wp-content\/uploads\/2020\/08\/bilans_feu_blanc17.jpg 1358w, https:\/\/juliebernadac.com\/wp-content\/uploads\/2020\/08\/bilans_feu_blanc17-300x300.jpg 300w, https:\/\/juliebernadac.com\/wp-content\/uploads\/2020\/08\/bilans_feu_blanc17-1024x1024.jpg 1024w, https:\/\/juliebernadac.com\/wp-content\/uploads\/2020\/08\/bilans_feu_blanc17-150x150.jpg 150w, https:\/\/juliebernadac.com\/wp-content\/uploads\/2020\/08\/bilans_feu_blanc17-768x768.jpg 768w\" sizes=\"(max-width: 1358px) 100vw, 1358px\" \/><div class=\"wp-block-cover__inner-container\">\n<p class=\"has-text-align-center has-large-font-size\"><a href=\"https:\/\/juliebernadac.com\/index.php\/feu-blanc\/\">feu blanc<\/a><br>2020<\/p>\n<\/div><\/div>\n<\/div>\n\n\n\n<div class=\"is-layout-flow wp-block-column\">\n<div class=\"wp-block-cover is-style-hover-reveal text-grille\"><span aria-hidden=\"true\" class=\"wp-block-cover__background has-background-background-color has-background-dim-0 has-background-dim\"><\/span><img decoding=\"async\" loading=\"lazy\" width=\"1772\" height=\"1772\" class=\"wp-block-cover__image-background wp-image-149\" alt=\"\" src=\"https:\/\/juliebernadac.com\/wp-content\/uploads\/2020\/08\/nXX1.jpg\" data-object-fit=\"cover\" srcset=\"https:\/\/juliebernadac.com\/wp-content\/uploads\/2020\/08\/nXX1.jpg 1772w, https:\/\/juliebernadac.com\/wp-content\/uploads\/2020\/08\/nXX1-300x300.jpg 300w, https:\/\/juliebernadac.com\/wp-content\/uploads\/2020\/08\/nXX1-1024x1024.jpg 1024w, https:\/\/juliebernadac.com\/wp-content\/uploads\/2020\/08\/nXX1-150x150.jpg 150w, https:\/\/juliebernadac.com\/wp-content\/uploads\/2020\/08\/nXX1-768x768.jpg 768w, https:\/\/juliebernadac.com\/wp-content\/uploads\/2020\/08\/nXX1-1536x1536.jpg 1536w, https:\/\/juliebernadac.com\/wp-content\/uploads\/2020\/08\/nXX1-1568x1568.jpg 1568w\" sizes=\"(max-width: 1772px) 100vw, 1772px\" \/><div class=\"wp-block-cover__inner-container\">\n<p class=\"has-text-align-center has-large-font-size\"><a href=\"https:\/\/juliebernadac.com\/index.php\/sans_titre1\/\">sans titre<\/a><br>2020<\/p>\n<\/div><\/div>\n<\/div>\n<\/div>\n\n\n\n<div class=\"is-layout-flex wp-container-12 wp-block-columns alignfull\">\n<div class=\"is-layout-flow wp-block-column\">\n<div class=\"wp-block-cover is-light is-position-center-center is-style-hover-reveal text-grille\"><span aria-hidden=\"true\" class=\"wp-block-cover__background has-background-background-color has-background-dim-0 has-background-dim\"><\/span><img decoding=\"async\" loading=\"lazy\" width=\"2953\" height=\"2953\" class=\"wp-block-cover__image-background wp-image-177\" alt=\"\" src=\"https:\/\/juliebernadac.com\/wp-content\/uploads\/2020\/08\/PROMETHEE_RETIRE.png\" data-object-fit=\"cover\" srcset=\"https:\/\/juliebernadac.com\/wp-content\/uploads\/2020\/08\/PROMETHEE_RETIRE.png 2953w, https:\/\/juliebernadac.com\/wp-content\/uploads\/2020\/08\/PROMETHEE_RETIRE-300x300.png 300w, https:\/\/juliebernadac.com\/wp-content\/uploads\/2020\/08\/PROMETHEE_RETIRE-1024x1024.png 1024w, https:\/\/juliebernadac.com\/wp-content\/uploads\/2020\/08\/PROMETHEE_RETIRE-150x150.png 150w, https:\/\/juliebernadac.com\/wp-content\/uploads\/2020\/08\/PROMETHEE_RETIRE-768x768.png 768w, https:\/\/juliebernadac.com\/wp-content\/uploads\/2020\/08\/PROMETHEE_RETIRE-1536x1536.png 1536w, https:\/\/juliebernadac.com\/wp-content\/uploads\/2020\/08\/PROMETHEE_RETIRE-2048x2048.png 2048w, https:\/\/juliebernadac.com\/wp-content\/uploads\/2020\/08\/PROMETHEE_RETIRE-1568x1568.png 1568w\" sizes=\"(max-width: 2953px) 100vw, 2953px\" \/><div class=\"wp-block-cover__inner-container\">\n<p class=\"has-text-align-center has-large-font-size\"><a href=\"https:\/\/juliebernadac.com\/index.php\/sans_titre4\/\">sans titre<\/a><br>2020<\/p>\n<\/div><\/div>\n<\/div>\n\n\n\n<div class=\"is-layout-flow wp-block-column\">\n<div class=\"wp-block-cover is-light is-style-hover-reveal text-grille\"><span aria-hidden=\"true\" class=\"wp-block-cover__background has-background-background-color has-background-dim-0 has-background-dim\"><\/span><img decoding=\"async\" loading=\"lazy\" width=\"1772\" height=\"1772\" class=\"wp-block-cover__image-background wp-image-23\" alt=\"\" src=\"https:\/\/juliebernadac.com\/wp-content\/uploads\/2020\/08\/21.png\" data-object-fit=\"cover\" srcset=\"https:\/\/juliebernadac.com\/wp-content\/uploads\/2020\/08\/21.png 1772w, https:\/\/juliebernadac.com\/wp-content\/uploads\/2020\/08\/21-300x300.png 300w, https:\/\/juliebernadac.com\/wp-content\/uploads\/2020\/08\/21-1024x1024.png 1024w, https:\/\/juliebernadac.com\/wp-content\/uploads\/2020\/08\/21-150x150.png 150w, https:\/\/juliebernadac.com\/wp-content\/uploads\/2020\/08\/21-768x768.png 768w, https:\/\/juliebernadac.com\/wp-content\/uploads\/2020\/08\/21-1536x1536.png 1536w, https:\/\/juliebernadac.com\/wp-content\/uploads\/2020\/08\/21-1568x1568.png 1568w\" sizes=\"(max-width: 1772px) 100vw, 1772px\" \/><div class=\"wp-block-cover__inner-container\">\n<p class=\"has-text-align-center has-large-font-size\"><a href=\"https:\/\/juliebernadac.com\/index.php\/sans_titre3\/\">sans titre<\/a> <br>2020<\/p>\n<\/div><\/div>\n<\/div>\n\n\n\n<div class=\"is-layout-flow wp-block-column\">\n<div class=\"wp-block-cover is-light is-style-hover-reveal text-grille\"><span aria-hidden=\"true\" class=\"wp-block-cover__background has-background-background-color has-background-dim-0 has-background-dim\"><\/span><img decoding=\"async\" loading=\"lazy\" width=\"1772\" height=\"1772\" class=\"wp-block-cover__image-background wp-image-144\" alt=\"\" src=\"https:\/\/juliebernadac.com\/wp-content\/uploads\/2020\/08\/10.png\" data-object-fit=\"cover\" srcset=\"https:\/\/juliebernadac.com\/wp-content\/uploads\/2020\/08\/10.png 1772w, https:\/\/juliebernadac.com\/wp-content\/uploads\/2020\/08\/10-300x300.png 300w, https:\/\/juliebernadac.com\/wp-content\/uploads\/2020\/08\/10-1024x1024.png 1024w, https:\/\/juliebernadac.com\/wp-content\/uploads\/2020\/08\/10-150x150.png 150w, https:\/\/juliebernadac.com\/wp-content\/uploads\/2020\/08\/10-768x768.png 768w, https:\/\/juliebernadac.com\/wp-content\/uploads\/2020\/08\/10-1536x1536.png 1536w, https:\/\/juliebernadac.com\/wp-content\/uploads\/2020\/08\/10-1568x1568.png 1568w\" sizes=\"(max-width: 1772px) 100vw, 1772px\" \/><div class=\"wp-block-cover__inner-container\">\n<p class=\"has-text-align-center has-large-font-size\"><a href=\"https:\/\/juliebernadac.com\/index.php\/sans_titre2\/\">sans titre<\/a><br>2020<\/p>\n<\/div><\/div>\n\n\n\n<p><\/p>\n<\/div>\n<\/div>\n<\/div><\/div>\n\n\n\n<div class=\"is-layout-flow wp-block-group alignfull\"><div class=\"wp-block-group__inner-container\">\n<div class=\"wp-block-cover alignfull is-style-hover-reveal\" style=\"min-height:600px\"><span aria-hidden=\"true\" class=\"wp-block-cover__background has-background-dim-0 has-background-dim\"><\/span><img decoding=\"async\" loading=\"lazy\" width=\"2560\" height=\"1280\" class=\"wp-block-cover__image-background wp-image-113\" alt=\"\" src=\"https:\/\/juliebernadac.com\/wp-content\/uploads\/2020\/08\/bilans_la_mangeuse_d_etoiles9-scaled.jpg\" data-object-fit=\"cover\" srcset=\"https:\/\/juliebernadac.com\/wp-content\/uploads\/2020\/08\/bilans_la_mangeuse_d_etoiles9-scaled.jpg 2560w, https:\/\/juliebernadac.com\/wp-content\/uploads\/2020\/08\/bilans_la_mangeuse_d_etoiles9-300x150.jpg 300w, https:\/\/juliebernadac.com\/wp-content\/uploads\/2020\/08\/bilans_la_mangeuse_d_etoiles9-1024x512.jpg 1024w, https:\/\/juliebernadac.com\/wp-content\/uploads\/2020\/08\/bilans_la_mangeuse_d_etoiles9-768x384.jpg 768w, https:\/\/juliebernadac.com\/wp-content\/uploads\/2020\/08\/bilans_la_mangeuse_d_etoiles9-1536x768.jpg 1536w, https:\/\/juliebernadac.com\/wp-content\/uploads\/2020\/08\/bilans_la_mangeuse_d_etoiles9-2048x1024.jpg 2048w, https:\/\/juliebernadac.com\/wp-content\/uploads\/2020\/08\/bilans_la_mangeuse_d_etoiles9-1568x784.jpg 1568w\" sizes=\"(max-width: 2560px) 100vw, 2560px\" \/><div class=\"wp-block-cover__inner-container\">\n<p class=\"has-text-align-center has-large-font-size\"><a href=\"https:\/\/juliebernadac.com\/index.php\/la-mangeuse-detoiles\/\">la mangeuse d&rsquo;\u00e9toiles<\/a><br>2020<\/p>\n<\/div><\/div>\n<\/div><\/div>\n\n\n\n<div class=\"is-layout-flow wp-block-group alignwide\"><div class=\"wp-block-group__inner-container\">\n<div class=\"is-layout-flex wp-container-17 wp-block-columns alignfull\">\n<div class=\"is-layout-flow wp-block-column\">\n<div class=\"wp-block-cover is-style-hover-reveal\" style=\"min-height:450px\"><span aria-hidden=\"true\" class=\"wp-block-cover__background has-background-background-color has-background-dim-0 has-background-dim\"><\/span><img decoding=\"async\" loading=\"lazy\" width=\"1772\" height=\"1772\" class=\"wp-block-cover__image-background wp-image-86\" alt=\"\" src=\"https:\/\/juliebernadac.com\/wp-content\/uploads\/2020\/08\/mvmt1.jpg\" data-object-fit=\"cover\" srcset=\"https:\/\/juliebernadac.com\/wp-content\/uploads\/2020\/08\/mvmt1.jpg 1772w, https:\/\/juliebernadac.com\/wp-content\/uploads\/2020\/08\/mvmt1-300x300.jpg 300w, https:\/\/juliebernadac.com\/wp-content\/uploads\/2020\/08\/mvmt1-1024x1024.jpg 1024w, https:\/\/juliebernadac.com\/wp-content\/uploads\/2020\/08\/mvmt1-150x150.jpg 150w, https:\/\/juliebernadac.com\/wp-content\/uploads\/2020\/08\/mvmt1-768x768.jpg 768w, https:\/\/juliebernadac.com\/wp-content\/uploads\/2020\/08\/mvmt1-1536x1536.jpg 1536w, https:\/\/juliebernadac.com\/wp-content\/uploads\/2020\/08\/mvmt1-1568x1568.jpg 1568w\" sizes=\"(max-width: 1772px) 100vw, 1772px\" \/><div class=\"wp-block-cover__inner-container\">\n<p class=\"has-text-align-center has-large-font-size\"><a href=\"https:\/\/juliebernadac.com\/index.php\/portrait\/\">portrait<\/a><br>2019<\/p>\n<\/div><\/div>\n<\/div>\n\n\n\n<div class=\"is-layout-flow wp-block-column\">\n<div class=\"wp-block-cover is-light is-style-hover-reveal\" style=\"min-height:450px\"><span aria-hidden=\"true\" class=\"wp-block-cover__background has-background-background-color has-background-dim-0 has-background-dim\"><\/span><img decoding=\"async\" loading=\"lazy\" width=\"1772\" height=\"1772\" class=\"wp-block-cover__image-background wp-image-89\" alt=\"\" src=\"https:\/\/juliebernadac.com\/wp-content\/uploads\/2020\/08\/mvmt4.jpg\" data-object-fit=\"cover\" srcset=\"https:\/\/juliebernadac.com\/wp-content\/uploads\/2020\/08\/mvmt4.jpg 1772w, https:\/\/juliebernadac.com\/wp-content\/uploads\/2020\/08\/mvmt4-300x300.jpg 300w, https:\/\/juliebernadac.com\/wp-content\/uploads\/2020\/08\/mvmt4-1024x1024.jpg 1024w, https:\/\/juliebernadac.com\/wp-content\/uploads\/2020\/08\/mvmt4-150x150.jpg 150w, https:\/\/juliebernadac.com\/wp-content\/uploads\/2020\/08\/mvmt4-768x768.jpg 768w, https:\/\/juliebernadac.com\/wp-content\/uploads\/2020\/08\/mvmt4-1536x1536.jpg 1536w, https:\/\/juliebernadac.com\/wp-content\/uploads\/2020\/08\/mvmt4-1568x1568.jpg 1568w\" sizes=\"(max-width: 1772px) 100vw, 1772px\" \/><div class=\"wp-block-cover__inner-container\">\n<p class=\"has-text-align-center has-large-font-size\"><a href=\"https:\/\/juliebernadac.com\/index.php\/portrait\/\">portrait<\/a><br>2019<\/p>\n<\/div><\/div>\n<\/div>\n<\/div>\n<\/div><\/div>\n","protected":false},"excerpt":{"rendered":"","protected":false},"author":1,"featured_media":0,"parent":0,"menu_order":0,"comment_status":"closed","ping_status":"closed","template":"","meta":[],"_links":{"self":[{"href":"https:\/\/juliebernadac.com\/index.php\/wp-json\/wp\/v2\/pages\/38"}],"collection":[{"href":"https:\/\/juliebernadac.com\/index.php\/wp-json\/wp\/v2\/pages"}],"about":[{"href":"https:\/\/juliebernadac.com\/index.php\/wp-json\/wp\/v2\/types\/page"}],"author":[{"embeddable":true,"href":"https:\/\/juliebernadac.com\/index.php\/wp-json\/wp\/v2\/users\/1"}],"replies":[{"embeddable":true,"href":"https:\/\/juliebernadac.com\/index.php\/wp-json\/wp\/v2\/comments?post=38"}],"version-history":[{"count":66,"href":"https:\/\/juliebernadac.com\/index.php\/wp-json\/wp\/v2\/pages\/38\/revisions"}],"predecessor-version":[{"id":320,"href":"https:\/\/juliebernadac.com\/index.php\/wp-json\/wp\/v2\/pages\/38\/revisions\/320"}],"wp:attachment":[{"href":"https:\/\/juliebernadac.com\/index.php\/wp-json\/wp\/v2\/media?parent=38"}],"curies":[{"name":"wp","href":"https:\/\/api.w.org\/{rel}","templated":true}]}}